{"id":2675,"date":"2024-09-12T08:25:36","date_gmt":"2024-09-12T06:25:36","guid":{"rendered":"https:\/\/no-ai.info\/vorteile\/"},"modified":"2024-10-08T13:01:45","modified_gmt":"2024-10-08T11:01:45","slug":"vorteile","status":"publish","type":"page","link":"https:\/\/no-ai.info\/de\/vorteile\/","title":{"rendered":"Vorteile"},"content":{"rendered":"<p>[et_pb_section fb_built=&#8221;1&#8243; _builder_version=&#8221;4.25.1&#8243; _module_preset=&#8221;default&#8221; background_color=&#8221;RGBA(255,255,255,0)&#8221; locked=&#8221;off&#8221; global_colors_info=&#8221;{}&#8221;][et_pb_row _builder_version=&#8221;4.27.0&#8243; _module_preset=&#8221;default&#8221; max_width=&#8221;100%&#8221; global_colors_info=&#8221;{}&#8221;][et_pb_column type=&#8221;4_4&#8243; _builder_version=&#8221;4.25.1&#8243; _module_preset=&#8221;default&#8221; global_colors_info=&#8221;{}&#8221;][et_pb_text _builder_version=&#8221;4.27.0&#8243; _module_preset=&#8221;55b0595c-6408-4911-aef4-730b12a8cbaf&#8221; header_2_font=&#8221;&#8211;et_global_heading_font|800|||||||&#8221; header_2_text_align=&#8221;center&#8221; header_2_font_size=&#8221;54px&#8221; header_2_font_size_tablet=&#8221;44px&#8221; header_2_font_size_phone=&#8221;28px&#8221; header_2_font_size_last_edited=&#8221;on|phone&#8221; global_colors_info=&#8221;{}&#8221;]<\/p>\n<h1>Exklusive Mitgliedervorteile<\/h1>\n<p>[\/et_pb_text][\/et_pb_column][\/et_pb_row][et_pb_row column_structure=&#8221;1_2,1_2&#8243; _builder_version=&#8221;4.27.0&#8243; _module_preset=&#8221;default&#8221; max_width=&#8221;100%&#8221; custom_margin=&#8221;50px|auto|50px|auto|true|false&#8221; custom_margin_tablet=&#8221;50px||50px||false|false&#8221; custom_margin_phone=&#8221;0px||0px||false|false&#8221; custom_margin_last_edited=&#8221;on|phone&#8221; global_colors_info=&#8221;{}&#8221;][et_pb_column type=&#8221;1_2&#8243; _builder_version=&#8221;4.27.0&#8243; _module_preset=&#8221;default&#8221; global_colors_info=&#8221;{}&#8221;][et_pb_text _builder_version=&#8221;4.27.0&#8243; _module_preset=&#8221;de92157f-1808-4bb6-b0c8-b3f0d2d5b9b0&#8243; global_colors_info=&#8221;{}&#8221;]<\/p>\n<h2>Zugang und Download zu den NO AI Logos!<\/h2>\n<p>Als registriertes Mitglied erh\u00e4ltst du Zugang zu unserer exklusiven Sammlung von NO AI Logos in 9 einzigartigen Varianten. Diese stehen in den Formaten <b>PNG<\/b>, <b>SVG<\/b> und <b>PDF<\/b> zur Verf\u00fcgung und sind sowohl f\u00fcr den <b>Druck als auch f\u00fcr die Webnutzung<\/b> optimiert. Egal, ob du deine Arbeit online oder im Druck pr\u00e4sentierst \u2013 diese hochwertigen Logos unterstreichen dein Engagement f\u00fcr authentische, KI-freie Kreativit\u00e4t.  <\/p>\n<p>Mit der Registrierung stellst du sicher, dass du das Recht hast, diese Logos frei in all deinen Projekten zu verwenden, wodurch deine Glaubw\u00fcrdigkeit gest\u00e4rkt und dein Engagement f\u00fcr menschlich geschaffene Kunst unterstrichen wird. <b>Solange du Mitglied bleibst, hast du uneingeschr\u00e4nkten Zugang zur Nutzung dieser Logos<\/b>.<\/p>\n<p><b>Werde Mitglied<\/b> und hebe deine kreative Arbeit mit dem offiziellen NO AI Qualit\u00e4tssiegel auf ein neues Level!<\/p>\n<p>[\/et_pb_text][\/et_pb_column][et_pb_column type=&#8221;1_2&#8243; _builder_version=&#8221;4.25.1&#8243; _module_preset=&#8221;default&#8221; global_colors_info=&#8221;{}&#8221;][et_pb_image src=&#8221;https:\/\/no-ai.info\/wp-content\/uploads\/2024\/09\/Logo-Preview.png&#8221; alt=&#8221;NO AI Logo Vorschau&#8221; title_text=&#8221;Logo Vorschau&#8221; _builder_version=&#8221;4.27.0&#8243; _module_preset=&#8221;default&#8221; background_color=&#8221;#FFFFFF&#8221; custom_padding=&#8221;10px|10px|10px|10px|true|true&#8221; global_colors_info=&#8221;{}&#8221;][\/et_pb_image][\/et_pb_column][\/et_pb_row][et_pb_row _builder_version=&#8221;4.27.0&#8243; _module_preset=&#8221;default&#8221; max_width=&#8221;100%&#8221; global_colors_info=&#8221;{}&#8221;][et_pb_column type=&#8221;4_4&#8243; _builder_version=&#8221;4.27.0&#8243; _module_preset=&#8221;default&#8221; global_colors_info=&#8221;{}&#8221;][dnxte_divider dnext_sid_font_icon=&#8221;\uf135||fa||900&#8243; dnext_sid_icon_color=&#8221;#00364F&#8221; dnext_sid_icon_font_size=&#8221;50px&#8221; dnext_sid_divider_style=&#8221;dashed&#8221; dnext_sid_divider_color=&#8221;#00364F&#8221; dnext_sid_divider_width=&#8221;2px&#8221; dnext_sid_divider_gap=&#8221;20px&#8221; _builder_version=&#8221;4.27.0&#8243; _module_preset=&#8221;default&#8221; global_colors_info=&#8221;{}&#8221;][\/dnxte_divider][\/et_pb_column][\/et_pb_row][et_pb_row column_structure=&#8221;1_2,1_2&#8243; module_class=&#8221;custom-flex&#8221; _builder_version=&#8221;4.27.0&#8243; _module_preset=&#8221;default&#8221; max_width=&#8221;100%&#8221; custom_margin=&#8221;50px||50px||false|false&#8221; custom_margin_tablet=&#8221;50px||50px||false|false&#8221; custom_margin_phone=&#8221;0px||0px||false|false&#8221; custom_margin_last_edited=&#8221;on|phone&#8221; global_colors_info=&#8221;{}&#8221;][et_pb_column type=&#8221;1_2&#8243; module_class=&#8221;custom-two&#8221; _builder_version=&#8221;4.27.0&#8243; _module_preset=&#8221;default&#8221; global_colors_info=&#8221;{}&#8221;][et_pb_image src=&#8221;https:\/\/no-ai.info\/wp-content\/uploads\/2024\/09\/noaisin-preview.png&#8221; alt=&#8221;NOAISIN \u2013 NO AI Standard-Identifikations-Nummer&#8221; title_text=&#8221;Noaisin Vorschau&#8221; _builder_version=&#8221;4.27.0&#8243; _module_preset=&#8221;default&#8221; background_color=&#8221;#FFFFFF&#8221; custom_padding=&#8221;12px|20px|12px|20px|true|true&#8221; hover_enabled=&#8221;0&#8243; border_radii=&#8221;on|4px|4px|4px|4px&#8221; border_width_all=&#8221;1px&#8221; border_color_all=&#8221;RGBA(255,255,255,0)&#8221; global_colors_info=&#8221;{}&#8221; custom_margin_last_edited=&#8221;on|phone&#8221; custom_margin_phone=&#8221;50px||||false|false&#8221; sticky_enabled=&#8221;0&#8243;][\/et_pb_image][\/et_pb_column][et_pb_column type=&#8221;1_2&#8243; module_class=&#8221;custom-one&#8221; _builder_version=&#8221;4.27.0&#8243; _module_preset=&#8221;default&#8221; global_colors_info=&#8221;{}&#8221;][et_pb_text _builder_version=&#8221;4.27.0&#8243; _module_preset=&#8221;de92157f-1808-4bb6-b0c8-b3f0d2d5b9b0&#8243; global_colors_info=&#8221;{}&#8221;]<\/p>\n<h2>Weltweit einzigartige Identifikationsnummer f\u00fcr dein Projekt<\/h2>\n<p>Die <strong>NOAISIN<\/strong> <strong>(NO AI Standard Identification Number)<\/strong> ist eine weltweit einzigartige Identifikationsnummer, die jedem auf der NO AI Plattform registrierten Projekt zugewiesen wird. Diese Nummer fungiert als digitales Wasserzeichen f\u00fcr deine Kreation, \u00e4hnlich einer ISBN- oder ISRC-Nummer. Die <strong>NOAISIN<\/strong> stellt sicher, dass dein Projekt als authentisches, KI-freies Werk anerkannt wird und vollst\u00e4ndig nachvollziehbar ist.  <\/p>\n<p>Mit der <strong>NOAISIN<\/strong> gewinnt dein Projekt an Glaubw\u00fcrdigkeit und wird Teil eines \u00fcberpr\u00fcfbaren Systems, das seine Originalit\u00e4t garantiert. Diese Funktion bietet sowohl den Sch\u00f6pfern als auch den Kunden die Sicherheit, dass das Werk von Menschenhand geschaffen wurde, frei von k\u00fcnstlicher Intelligenz. <\/p>\n<p><b>Durch die Registrierung deines Projekts erh\u00e4ltst du eine NOAISIN, die deiner Kreation die Anerkennung verleiht, die sie verdient.<\/b><\/p>\n<p>[\/et_pb_text][\/et_pb_column][\/et_pb_row][et_pb_row _builder_version=&#8221;4.27.0&#8243; _module_preset=&#8221;default&#8221; max_width=&#8221;100%&#8221; locked=&#8221;off&#8221; global_colors_info=&#8221;{}&#8221;][et_pb_column type=&#8221;4_4&#8243; _builder_version=&#8221;4.27.0&#8243; _module_preset=&#8221;default&#8221; global_colors_info=&#8221;{}&#8221;][dnxte_divider dnext_sid_font_icon=&#8221;\uf52d||fa||900&#8243; dnext_sid_icon_color=&#8221;#00364F&#8221; dnext_sid_icon_font_size=&#8221;50px&#8221; dnext_sid_divider_style=&#8221;dashed&#8221; dnext_sid_divider_color=&#8221;#00364F&#8221; dnext_sid_divider_width=&#8221;2px&#8221; dnext_sid_divider_gap=&#8221;20px&#8221; _builder_version=&#8221;4.27.0&#8243; _module_preset=&#8221;default&#8221; global_colors_info=&#8221;{}&#8221;][\/dnxte_divider][\/et_pb_column][\/et_pb_row][et_pb_row column_structure=&#8221;1_2,1_2&#8243; _builder_version=&#8221;4.27.0&#8243; _module_preset=&#8221;default&#8221; max_width=&#8221;100%&#8221; custom_margin=&#8221;50px|auto|50px|auto|false|false&#8221; global_colors_info=&#8221;{}&#8221;][et_pb_column type=&#8221;1_2&#8243; _builder_version=&#8221;4.25.1&#8243; _module_preset=&#8221;default&#8221; global_colors_info=&#8221;{}&#8221;][et_pb_text _builder_version=&#8221;4.27.0&#8243; _module_preset=&#8221;de92157f-1808-4bb6-b0c8-b3f0d2d5b9b0&#8243; global_colors_info=&#8221;{}&#8221;]<\/p>\n<h2>Vorteile deiner eigenen Projektseite<\/h2>\n<p>Jedes auf NO AI registrierte Projekt erh\u00e4lt eine eigene Projektseite, die alle wesentlichen Details zu deiner Arbeit pr\u00e4sentiert. Diese Seite bietet mehrere Vorteile: <\/p>\n<p><b>Detaillierte Projektbeschreibung:<\/b> Erkl\u00e4re, wie dein Werk entstanden ist und hebe hervor, warum es ohne den Einsatz von KI erstellt wurde.<\/p>\n<p><b>Eindeutige Identifikationsnummer (NOAISIN):<\/b> Deine Projektseite enth\u00e4lt die NOAISIN, die dein Werk als authentisch und eindeutig identifizierbar kennzeichnet.<\/p>\n<p><b>Sichtbarkeit und Glaubw\u00fcrdigkeit:<\/b> Deine Projektseite erm\u00f6glicht es dir, deine Arbeit \u00f6ffentlich zu pr\u00e4sentieren und ihre Originalit\u00e4t unter Beweis zu stellen.<\/p>\n<p><b>Zentrale Anlaufstelle f\u00fcr Kunden und Interessierte:<\/b> Alle wichtigen Informationen zu deinem Projekt \u2013 wie die Art des Projekts, deine Qualifikationen und die verwendeten Techniken \u2013 sind \u00fcbersichtlich an einem Ort geb\u00fcndelt.<\/p>\n<p><b>Erstelle jetzt dein Projekt und profitiere von einer professionellen Darstellung deiner KI-freien Kreationen!<\/b><\/p>\n<p>[\/et_pb_text][\/et_pb_column][et_pb_column type=&#8221;1_2&#8243; _builder_version=&#8221;4.25.1&#8243; _module_preset=&#8221;default&#8221; global_colors_info=&#8221;{}&#8221;][et_pb_image src=&#8221;https:\/\/no-ai.info\/wp-content\/uploads\/2024\/09\/Project-page-preview-big.png&#8221; alt=&#8221;NOAISIN \u2013 NO AI Standard-Identifikations-Nummer&#8221; title_text=&#8221;Project Page Preview Big&#8221; _builder_version=&#8221;4.27.0&#8243; _module_preset=&#8221;default&#8221; background_color=&#8221;#FFFFFF&#8221; custom_padding=&#8221;18px|22px|18px|22px|true|true&#8221; border_radii=&#8221;on|4px|4px|4px|4px&#8221; border_color_all=&#8221;RGBA(255,255,255,0)&#8221; global_colors_info=&#8221;{}&#8221;][\/et_pb_image][\/et_pb_column][\/et_pb_row][et_pb_row _builder_version=&#8221;4.27.0&#8243; _module_preset=&#8221;default&#8221; max_width=&#8221;100%&#8221; locked=&#8221;off&#8221; global_colors_info=&#8221;{}&#8221;][et_pb_column type=&#8221;4_4&#8243; _builder_version=&#8221;4.27.0&#8243; _module_preset=&#8221;default&#8221; global_colors_info=&#8221;{}&#8221;][dnxte_divider dnext_sid_font_icon=&#8221;\uf5dc||fa||900&#8243; dnext_sid_icon_color=&#8221;#00364F&#8221; dnext_sid_icon_font_size=&#8221;50px&#8221; dnext_sid_divider_style=&#8221;dashed&#8221; dnext_sid_divider_color=&#8221;#00364F&#8221; dnext_sid_divider_width=&#8221;2px&#8221; dnext_sid_divider_gap=&#8221;20px&#8221; _builder_version=&#8221;4.27.0&#8243; _module_preset=&#8221;default&#8221; global_colors_info=&#8221;{}&#8221;][\/dnxte_divider][\/et_pb_column][\/et_pb_row][et_pb_row column_structure=&#8221;1_2,1_2&#8243; module_class=&#8221;custom-flex&#8221; _builder_version=&#8221;4.27.0&#8243; _module_preset=&#8221;default&#8221; max_width=&#8221;100%&#8221; custom_margin=&#8221;50px||50px||false|false&#8221; custom_margin_tablet=&#8221;50px||50px||false|false&#8221; custom_margin_phone=&#8221;0px||0px||false|false&#8221; custom_margin_last_edited=&#8221;on|phone&#8221; locked=&#8221;off&#8221; global_colors_info=&#8221;{}&#8221;][et_pb_column type=&#8221;1_2&#8243; module_class=&#8221;custom-two&#8221; _builder_version=&#8221;4.27.0&#8243; _module_preset=&#8221;default&#8221; global_colors_info=&#8221;{}&#8221;][et_pb_image src=&#8221;https:\/\/no-ai.info\/wp-content\/uploads\/2024\/09\/Profile-preview-big.jpg&#8221; alt=&#8221;NOAISIN \u2013 NO AI Standard-Identifikations-Nummer&#8221; title_text=&#8221;Profile Preview Big&#8221; _builder_version=&#8221;4.27.0&#8243; _module_preset=&#8221;default&#8221; width_tablet=&#8221;&#8221; width_phone=&#8221;&#8221; width_last_edited=&#8221;on|desktop&#8221; hover_enabled=&#8221;0&#8243; global_colors_info=&#8221;{}&#8221; custom_margin_last_edited=&#8221;on|phone&#8221; sticky_enabled=&#8221;0&#8243; custom_margin_phone=&#8221;50px||||false|false&#8221;][\/et_pb_image][\/et_pb_column][et_pb_column type=&#8221;1_2&#8243; module_class=&#8221;custom-one&#8221; _builder_version=&#8221;4.27.0&#8243; _module_preset=&#8221;default&#8221; global_colors_info=&#8221;{}&#8221;][et_pb_text _builder_version=&#8221;4.27.0&#8243; _module_preset=&#8221;de92157f-1808-4bb6-b0c8-b3f0d2d5b9b0&#8243; global_colors_info=&#8221;{}&#8221;]<\/p>\n<h2>Vorteile deiner Mitgliederseite<\/h2>\n<p>Als registriertes NO AI-Mitglied erh\u00e4ltst du eine personalisierte Profilseite, die wichtige Informationen und all deine KI-freien Projekte pr\u00e4sentiert. Dieses Profil bietet dir mehrere Vorteile: <\/p>\n<p><b>Pr\u00e4sentiere dein K\u00f6nnen:<\/b> Hebe deine F\u00e4higkeiten, Qualifikationen und kreativen Schwerpunkte hervor.<\/p>\n<p><b>Projekt\u00fcbersicht: <\/b>Alle deine registrierten Projekte sind \u00fcbersichtlich aufgelistet, inklusive NOAISINs und Beschreibungen.<\/p>\n<p><b>Steigere deine Glaubw\u00fcrdigkeit:<\/b> Ein professionelles Profil verleiht deiner Arbeit Autorit\u00e4t und zeigt dein Engagement f\u00fcr KI-freie Kreationen.<\/p>\n<p><b>Sichtbarkeit f\u00fcr Kunden und Interessierte:<\/b> Mach es Besuchern leicht, deine Arbeit zu finden und deinen kreativen Ansatz zu verstehen.<\/p>\n<p><b>Werde jetzt Mitglied und erstelle dein Profil mit deinen KI-freien Projekten!<\/b><\/p>\n<p>[\/et_pb_text][\/et_pb_column][\/et_pb_row][et_pb_row _builder_version=&#8221;4.25.1&#8243; _module_preset=&#8221;default&#8221; global_colors_info=&#8221;{}&#8221;][et_pb_column type=&#8221;4_4&#8243; _builder_version=&#8221;4.25.1&#8243; _module_preset=&#8221;default&#8221; global_colors_info=&#8221;{}&#8221;][et_pb_button button_url=&#8221;https:\/\/no-ai.info\/de\/werde-mitglied\/&#8221; button_text=&#8221;Jetzt registrieren&#8221; button_alignment=&#8221;center&#8221; _builder_version=&#8221;4.27.0&#8243; _module_preset=&#8221;default&#8221; hover_enabled=&#8221;0&#8243; global_colors_info=&#8221;{}&#8221; custom_button=&#8221;on&#8221; button_text_size=&#8221;48px&#8221; button_text_size_last_edited=&#8221;on|phone&#8221; sticky_enabled=&#8221;0&#8243; button_text_size_phone=&#8221;28px&#8221; button_text_size_tablet=&#8221;48px&#8221;][\/et_pb_button][\/et_pb_column][\/et_pb_row][\/et_pb_section]<\/p>\n","protected":false},"excerpt":{"rendered":"<p>Exklusive MitgliedervorteileZugang und Download zu den NO AI Logos! Als registriertes Mitglied erh\u00e4ltst du Zugang zu unserer exklusiven Sammlung von NO AI Logos in 9 einzigartigen Varianten. Diese stehen in den Formaten PNG, SVG und PDF zur Verf\u00fcgung und sind sowohl f\u00fcr den Druck als auch f\u00fcr die Webnutzung optimiert. Egal, ob du deine Arbeit [&hellip;]<\/p>\n","protected":false},"author":1,"featured_media":0,"parent":0,"menu_order":0,"comment_status":"closed","ping_status":"closed","template":"","meta":{"_acf_changed":false,"_et_pb_use_builder":"on","_et_pb_old_content":"","_et_gb_content_width":"","footnotes":""},"class_list":["post-2675","page","type-page","status-publish","hentry"],"acf":[],"yoast_head":"<!-- This site is optimized with the Yoast SEO plugin v24.8.1 - https:\/\/yoast.com\/wordpress\/plugins\/seo\/ -->\n<title>Vorteile - NOAI<\/title>\n<meta name=\"robots\" content=\"index, follow, max-snippet:-1, max-image-preview:large, max-video-preview:-1\" \/>\n<link rel=\"canonical\" href=\"https:\/\/no-ai.info\/de\/vorteile\/\" \/>\n<meta property=\"og:locale\" content=\"de_DE\" \/>\n<meta property=\"og:type\" content=\"article\" \/>\n<meta property=\"og:title\" content=\"Vorteile - NOAI\" \/>\n<meta property=\"og:description\" content=\"Exklusive MitgliedervorteileZugang und Download zu den NO AI Logos! Als registriertes Mitglied erh\u00e4ltst du Zugang zu unserer exklusiven Sammlung von NO AI Logos in 9 einzigartigen Varianten. Diese stehen in den Formaten PNG, SVG und PDF zur Verf\u00fcgung und sind sowohl f\u00fcr den Druck als auch f\u00fcr die Webnutzung optimiert. Egal, ob du deine Arbeit [&hellip;]\" \/>\n<meta property=\"og:url\" content=\"https:\/\/no-ai.info\/de\/vorteile\/\" \/>\n<meta property=\"og:site_name\" content=\"NOAI\" \/>\n<meta property=\"article:modified_time\" content=\"2024-10-08T11:01:45+00:00\" \/>\n<meta name=\"twitter:card\" content=\"summary_large_image\" \/>\n<meta name=\"twitter:label1\" content=\"Gesch\u00e4tzte Lesezeit\" \/>\n\t<meta name=\"twitter:data1\" content=\"8\u00a0Minuten\" \/>\n<script type=\"application\/ld+json\" class=\"yoast-schema-graph\">{\"@context\":\"https:\/\/schema.org\",\"@graph\":[{\"@type\":\"WebPage\",\"@id\":\"https:\/\/no-ai.info\/de\/vorteile\/\",\"url\":\"https:\/\/no-ai.info\/de\/vorteile\/\",\"name\":\"Vorteile - NOAI\",\"isPartOf\":{\"@id\":\"https:\/\/no-ai.info\/de\/#website\"},\"datePublished\":\"2024-09-12T06:25:36+00:00\",\"dateModified\":\"2024-10-08T11:01:45+00:00\",\"inLanguage\":\"de\",\"potentialAction\":[{\"@type\":\"ReadAction\",\"target\":[\"https:\/\/no-ai.info\/de\/vorteile\/\"]}]},{\"@type\":\"WebSite\",\"@id\":\"https:\/\/no-ai.info\/de\/#website\",\"url\":\"https:\/\/no-ai.info\/de\/\",\"name\":\"NOAI\",\"description\":\"art and creativity mad by heart and soul\",\"potentialAction\":[{\"@type\":\"SearchAction\",\"target\":{\"@type\":\"EntryPoint\",\"urlTemplate\":\"https:\/\/no-ai.info\/de\/?s={search_term_string}\"},\"query-input\":{\"@type\":\"PropertyValueSpecification\",\"valueRequired\":true,\"valueName\":\"search_term_string\"}}],\"inLanguage\":\"de\"}]}<\/script>\n<!-- \/ Yoast SEO plugin. -->","yoast_head_json":{"title":"Vorteile - NOAI","robots":{"index":"index","follow":"follow","max-snippet":"max-snippet:-1","max-image-preview":"max-image-preview:large","max-video-preview":"max-video-preview:-1"},"canonical":"https:\/\/no-ai.info\/de\/vorteile\/","og_locale":"de_DE","og_type":"article","og_title":"Vorteile - NOAI","og_description":"Exklusive MitgliedervorteileZugang und Download zu den NO AI Logos! Als registriertes Mitglied erh\u00e4ltst du Zugang zu unserer exklusiven Sammlung von NO AI Logos in 9 einzigartigen Varianten. Diese stehen in den Formaten PNG, SVG und PDF zur Verf\u00fcgung und sind sowohl f\u00fcr den Druck als auch f\u00fcr die Webnutzung optimiert. Egal, ob du deine Arbeit [&hellip;]","og_url":"https:\/\/no-ai.info\/de\/vorteile\/","og_site_name":"NOAI","article_modified_time":"2024-10-08T11:01:45+00:00","twitter_card":"summary_large_image","twitter_misc":{"Gesch\u00e4tzte Lesezeit":"8\u00a0Minuten"},"schema":{"@context":"https:\/\/schema.org","@graph":[{"@type":"WebPage","@id":"https:\/\/no-ai.info\/de\/vorteile\/","url":"https:\/\/no-ai.info\/de\/vorteile\/","name":"Vorteile - NOAI","isPartOf":{"@id":"https:\/\/no-ai.info\/de\/#website"},"datePublished":"2024-09-12T06:25:36+00:00","dateModified":"2024-10-08T11:01:45+00:00","inLanguage":"de","potentialAction":[{"@type":"ReadAction","target":["https:\/\/no-ai.info\/de\/vorteile\/"]}]},{"@type":"WebSite","@id":"https:\/\/no-ai.info\/de\/#website","url":"https:\/\/no-ai.info\/de\/","name":"NOAI","description":"art and creativity mad by heart and soul","potentialAction":[{"@type":"SearchAction","target":{"@type":"EntryPoint","urlTemplate":"https:\/\/no-ai.info\/de\/?s={search_term_string}"},"query-input":{"@type":"PropertyValueSpecification","valueRequired":true,"valueName":"search_term_string"}}],"inLanguage":"de"}]}},"_links":{"self":[{"href":"https:\/\/no-ai.info\/de\/wp-json\/wp\/v2\/pages\/2675","targetHints":{"allow":["GET"]}}],"collection":[{"href":"https:\/\/no-ai.info\/de\/wp-json\/wp\/v2\/pages"}],"about":[{"href":"https:\/\/no-ai.info\/de\/wp-json\/wp\/v2\/types\/page"}],"author":[{"embeddable":true,"href":"https:\/\/no-ai.info\/de\/wp-json\/wp\/v2\/users\/1"}],"replies":[{"embeddable":true,"href":"https:\/\/no-ai.info\/de\/wp-json\/wp\/v2\/comments?post=2675"}],"version-history":[{"count":6,"href":"https:\/\/no-ai.info\/de\/wp-json\/wp\/v2\/pages\/2675\/revisions"}],"predecessor-version":[{"id":2733,"href":"https:\/\/no-ai.info\/de\/wp-json\/wp\/v2\/pages\/2675\/revisions\/2733"}],"wp:attachment":[{"href":"https:\/\/no-ai.info\/de\/wp-json\/wp\/v2\/media?parent=2675"}],"curies":[{"name":"wp","href":"https:\/\/api.w.org\/{rel}","templated":true}]}}