{"id":2623,"date":"2024-09-03T15:42:34","date_gmt":"2024-09-03T13:42:34","guid":{"rendered":"https:\/\/no-ai.info\/fragen-und-antworten\/"},"modified":"2024-10-08T13:01:43","modified_gmt":"2024-10-08T11:01:43","slug":"fragen-und-antworten","status":"publish","type":"page","link":"https:\/\/no-ai.info\/de\/fragen-und-antworten\/","title":{"rendered":"Fragen und Antworten"},"content":{"rendered":"<p>[et_pb_section fb_built=&#8221;1&#8243; _builder_version=&#8221;4.25.1&#8243; _module_preset=&#8221;default&#8221; background_color=&#8221;RGBA(255,255,255,0)&#8221; global_colors_info=&#8221;{}&#8221;][et_pb_row _builder_version=&#8221;4.25.1&#8243; _module_preset=&#8221;default&#8221; global_colors_info=&#8221;{}&#8221;][et_pb_column type=&#8221;4_4&#8243; _builder_version=&#8221;4.25.1&#8243; _module_preset=&#8221;default&#8221; global_colors_info=&#8221;{}&#8221;][et_pb_text _builder_version=&#8221;4.25.1&#8243; _module_preset=&#8221;55b0595c-6408-4911-aef4-730b12a8cbaf&#8221; global_colors_info=&#8221;{}&#8221;]<\/p>\n<h1>Fragen und Antworten<\/h1>\n<p>[\/et_pb_text][\/et_pb_column][\/et_pb_row][et_pb_row _builder_version=&#8221;4.25.1&#8243; _module_preset=&#8221;default&#8221; global_colors_info=&#8221;{}&#8221;][et_pb_column type=&#8221;4_4&#8243; _builder_version=&#8221;4.25.1&#8243; _module_preset=&#8221;default&#8221; global_colors_info=&#8221;{}&#8221;][et_pb_toggle title=&#8221;Wof\u00fcr steht NO AI?&#8221; admin_label=&#8221;What Does NO AI Stand For?&#8221; _builder_version=&#8221;4.25.1&#8243; _module_preset=&#8221;728ef86e-e80e-4c06-8821-d148becd4bdf&#8221; hover_enabled=&#8221;0&#8243; global_colors_info=&#8221;{}&#8221; sticky_enabled=&#8221;0&#8243;]<\/p>\n<p>NO AI steht f\u00fcr kreative Arbeit, die ohne den Einsatz von KI erstellt wurde. Es zeigt, dass deine Kreationen einzigartig von dir stammen und dass du bewusst Leidenschaft und Kreativit\u00e4t in ihre Entstehung gesteckt hast. <\/p>\n<p>[\/et_pb_toggle][et_pb_toggle title=&#8221;Was sagt das Logo \u00fcber meine Kreation aus?&#8221; admin_label=&#8221;What Does NO AI Stand For?&#8221; _builder_version=&#8221;4.25.1&#8243; _module_preset=&#8221;728ef86e-e80e-4c06-8821-d148becd4bdf&#8221; hover_enabled=&#8221;0&#8243; global_colors_info=&#8221;{}&#8221; sticky_enabled=&#8221;0&#8243;]<\/p>\n<p>Das Logo zeigt, dass du immer noch Herz und Seele in deine Projekte steckst. Deine Pers\u00f6nlichkeit, dein Stil und alles, was dich einzigartig macht, spiegeln sich in deiner Arbeit wider. Das macht sie zu etwas Einzigartigem, das von anderen nicht kopiert werden kann. Im Wesentlichen ist es ein Qualit\u00e4tssiegel, das deinen Fans, K\u00e4ufern oder Kunden zeigt, dass du in der Lage bist, etwas Besonderes zu schaffen. In Kombination mit der NOAISIN (einer weltweit einzigartigen ID f\u00fcr dein Projekt) erh\u00e4lt dein Werk eine eindeutige Identifikationsnummer, \u00e4hnlich einer ISBN- oder ISRC-Nummer. Dadurch kann dein Projekt eindeutig zugeordnet werden und dient als Qualit\u00e4tsnachweis f\u00fcr deine Kreativit\u00e4t.     <\/p>\n<p>[\/et_pb_toggle][et_pb_toggle title=&#8221;Warum brauche ich daf\u00fcr eine Plattform? Kann ich es nicht einfach selbst hinzuf\u00fcgen? &#8221; admin_label=&#8221;What Does NO AI Stand For?&#8221; _builder_version=&#8221;4.25.1&#8243; _module_preset=&#8221;728ef86e-e80e-4c06-8821-d148becd4bdf&#8221; hover_enabled=&#8221;0&#8243; global_colors_info=&#8221;{}&#8221; sticky_enabled=&#8221;0&#8243;]<\/p>\n<p>Ja, das kannst du, aber in Kombination mit der einzigartigen Nummer und der wachsenden Zahl von Mitgliedern gewinnen das Logo und die Nummer an Bedeutung. Als Teil einer gr\u00f6\u00dferen Gemeinschaft trittst du einer Plattform mit Gleichgesinnten bei und zeigst, dass du zusammen mit einer wachsenden Anzahl von Mitgliedern etwas Besonderes schaffen kannst.<\/p>\n<p>Passt das f\u00fcr dich? <\/p>\n<p>[\/et_pb_toggle][et_pb_toggle title=&#8221;Was haben Kunden oder Betrachter von einem Projekt, das ohne KI erstellt und hier pr\u00e4sentiert wird?&#8221; admin_label=&#8221;What Does NO AI Stand For?&#8221; _builder_version=&#8221;4.25.1&#8243; _module_preset=&#8221;728ef86e-e80e-4c06-8821-d148becd4bdf&#8221; hover_enabled=&#8221;0&#8243; global_colors_info=&#8221;{}&#8221; sticky_enabled=&#8221;0&#8243;]<\/p>\n<p>Das Wichtigste ist, dass du der alleinige Inhaber der Urheberrechte bist. Wir wissen nicht, was die Zukunft in Bezug auf Urheberrecht und KI bereith\u00e4lt. Indem du ein Logo oder einen Text selbst erstellst, kann dein Kunde sicher sein, dass die Urheberrechte gesch\u00fctzt sind. Das Logo zeigt sofort, dass hier die Rechte gesichert sind, was deinem Kunden Sicherheit gibt und den Wert deiner Arbeit erh\u00f6ht. Dar\u00fcber hinaus zeigt es, dass du beispielsweise eine Illustration auch nach einem oder zwei Jahren exakt wieder erstellen kannst. Deine Arbeit ist stilistisch reproduzierbar und nicht dem Zufall oder einer Technologie \u00fcberlassen.     <\/p>\n<p>[\/et_pb_toggle][et_pb_toggle title=&#8221;Wie wird kontrolliert, ob mein Projekt wirklich ohne KI erstellt wurde?&#8221; admin_label=&#8221;What Does NO AI Stand For?&#8221; _builder_version=&#8221;4.25.1&#8243; _module_preset=&#8221;728ef86e-e80e-4c06-8821-d148becd4bdf&#8221; hover_enabled=&#8221;0&#8243; global_colors_info=&#8221;{}&#8221; sticky_enabled=&#8221;0&#8243;]<\/p>\n<p>Momentan kann dies nicht kontrolliert werden. Wenn du jedoch zu deinen Werten stehst und ein bestimmtes Qualit\u00e4tsziel verfolgst, w\u00fcrdest du nicht nur deine Fans und Kunden betr\u00fcgen, sondern auch f\u00fcr Urheberrechtsverletzungen haftbar gemacht werden. In diesem Sinne reguliert sich die Plattform von selbst. Zuk\u00fcnftig planen wir, Mitgliedern die M\u00f6glichkeit zu geben, sich zu verifizieren, um so der Authentizit\u00e4t von Projekten, die ohne KI entstanden sind, mehr Gewicht zu verleihen.   <\/p>\n<p>[\/et_pb_toggle][et_pb_toggle title=&#8221;Muss ich f\u00fcr jedes Projekt eine Nummer anlegen?&#8221; admin_label=&#8221;What Does NO AI Stand For?&#8221; _builder_version=&#8221;4.25.1&#8243; _module_preset=&#8221;728ef86e-e80e-4c06-8821-d148becd4bdf&#8221; global_colors_info=&#8221;{}&#8221; hover_enabled=&#8221;0&#8243; sticky_enabled=&#8221;0&#8243;]<\/p>\n<p>Das h\u00e4ngt davon ab. Wenn du betonen m\u00f6chtest, dass dein Buch vollst\u00e4ndig ohne KI erstellt wurde, solltest du das Buch ebenfalls registrieren. Dies erh\u00f6ht den Wert des Buches. Du kannst das Logo in Kombination mit der Nummer auf den Plattformen, auf denen das Buch verkauft wird, hinzuf\u00fcgen, um die Aufmerksamkeit zu steigern. Wenn du hervorheben m\u00f6chtest, dass du nur ohne KI fotografierst und deine Dienstleistung pr\u00e4sentieren m\u00f6chtest, kannst du eine Nummer f\u00fcr mehrere Fotos verwenden. In diesem Fall solltest du dies in der Beschreibung klar erl\u00e4utern, damit die Betrachter die Informationen richtig verstehen. Du kannst dem Logo eine Notiz hinzuf\u00fcgen, wie zum Beispiel: \u201eDieses Foto wurde ohne KI erstellt. Weitere Informationen auf www.no-ai.info.\u201c Auf der Plattform kannst du dann beschreiben, was das Foto besonders macht. Wenn du deine Arbeit selbst beschreiben m\u00f6chtest, kannst du auch deine Dienstleistung registrieren. Der Hinweis w\u00e4re dann: \u201eFotografische Arbeiten ohne KI erstellt.\u201c Dies dr\u00fcckt auch aus, dass alle deine Arbeiten frei von KI sind. Es liegt bei dir, ob du den Fokus auf dich als Person oder auf deine Arbeit legen m\u00f6chtest.           <\/p>\n<p>[\/et_pb_toggle][\/et_pb_column][\/et_pb_row][\/et_pb_section]<\/p>\n","protected":false},"excerpt":{"rendered":"<p>Fragen und AntwortenNO AI steht f\u00fcr kreative Arbeit, die ohne den Einsatz von KI erstellt wurde. Es zeigt, dass deine Kreationen einzigartig von dir stammen und dass du bewusst Leidenschaft und Kreativit\u00e4t in ihre Entstehung gesteckt hast. Das Logo zeigt, dass du immer noch Herz und Seele in deine Projekte steckst. Deine Pers\u00f6nlichkeit, dein Stil [&hellip;]<\/p>\n","protected":false},"author":1,"featured_media":0,"parent":0,"menu_order":0,"comment_status":"closed","ping_status":"closed","template":"","meta":{"_acf_changed":false,"_et_pb_use_builder":"on","_et_pb_old_content":"","_et_gb_content_width":"","footnotes":""},"class_list":["post-2623","page","type-page","status-publish","hentry"],"acf":[],"yoast_head":"<!-- This site is optimized with the Yoast SEO plugin v24.8.1 - https:\/\/yoast.com\/wordpress\/plugins\/seo\/ -->\n<title>Fragen und Antworten - NOAI<\/title>\n<meta name=\"robots\" content=\"index, follow, max-snippet:-1, max-image-preview:large, max-video-preview:-1\" \/>\n<link rel=\"canonical\" href=\"https:\/\/no-ai.info\/de\/fragen-und-antworten\/\" \/>\n<meta property=\"og:locale\" content=\"de_DE\" \/>\n<meta property=\"og:type\" content=\"article\" \/>\n<meta property=\"og:title\" content=\"Fragen und Antworten - NOAI\" \/>\n<meta property=\"og:description\" content=\"Fragen und AntwortenNO AI steht f\u00fcr kreative Arbeit, die ohne den Einsatz von KI erstellt wurde. Es zeigt, dass deine Kreationen einzigartig von dir stammen und dass du bewusst Leidenschaft und Kreativit\u00e4t in ihre Entstehung gesteckt hast. Das Logo zeigt, dass du immer noch Herz und Seele in deine Projekte steckst. Deine Pers\u00f6nlichkeit, dein Stil [&hellip;]\" \/>\n<meta property=\"og:url\" content=\"https:\/\/no-ai.info\/de\/fragen-und-antworten\/\" \/>\n<meta property=\"og:site_name\" content=\"NOAI\" \/>\n<meta property=\"article:modified_time\" content=\"2024-10-08T11:01:43+00:00\" \/>\n<meta name=\"twitter:card\" content=\"summary_large_image\" \/>\n<meta name=\"twitter:label1\" content=\"Gesch\u00e4tzte Lesezeit\" \/>\n\t<meta name=\"twitter:data1\" content=\"5\u00a0Minuten\" \/>\n<script type=\"application\/ld+json\" class=\"yoast-schema-graph\">{\"@context\":\"https:\/\/schema.org\",\"@graph\":[{\"@type\":\"WebPage\",\"@id\":\"https:\/\/no-ai.info\/de\/fragen-und-antworten\/\",\"url\":\"https:\/\/no-ai.info\/de\/fragen-und-antworten\/\",\"name\":\"Fragen und Antworten - NOAI\",\"isPartOf\":{\"@id\":\"https:\/\/no-ai.info\/de\/#website\"},\"datePublished\":\"2024-09-03T13:42:34+00:00\",\"dateModified\":\"2024-10-08T11:01:43+00:00\",\"inLanguage\":\"de\",\"potentialAction\":[{\"@type\":\"ReadAction\",\"target\":[\"https:\/\/no-ai.info\/de\/fragen-und-antworten\/\"]}]},{\"@type\":\"WebSite\",\"@id\":\"https:\/\/no-ai.info\/de\/#website\",\"url\":\"https:\/\/no-ai.info\/de\/\",\"name\":\"NOAI\",\"description\":\"art and creativity mad by heart and soul\",\"potentialAction\":[{\"@type\":\"SearchAction\",\"target\":{\"@type\":\"EntryPoint\",\"urlTemplate\":\"https:\/\/no-ai.info\/de\/?s={search_term_string}\"},\"query-input\":{\"@type\":\"PropertyValueSpecification\",\"valueRequired\":true,\"valueName\":\"search_term_string\"}}],\"inLanguage\":\"de\"}]}<\/script>\n<!-- \/ Yoast SEO plugin. -->","yoast_head_json":{"title":"Fragen und Antworten - NOAI","robots":{"index":"index","follow":"follow","max-snippet":"max-snippet:-1","max-image-preview":"max-image-preview:large","max-video-preview":"max-video-preview:-1"},"canonical":"https:\/\/no-ai.info\/de\/fragen-und-antworten\/","og_locale":"de_DE","og_type":"article","og_title":"Fragen und Antworten - NOAI","og_description":"Fragen und AntwortenNO AI steht f\u00fcr kreative Arbeit, die ohne den Einsatz von KI erstellt wurde. Es zeigt, dass deine Kreationen einzigartig von dir stammen und dass du bewusst Leidenschaft und Kreativit\u00e4t in ihre Entstehung gesteckt hast. Das Logo zeigt, dass du immer noch Herz und Seele in deine Projekte steckst. Deine Pers\u00f6nlichkeit, dein Stil [&hellip;]","og_url":"https:\/\/no-ai.info\/de\/fragen-und-antworten\/","og_site_name":"NOAI","article_modified_time":"2024-10-08T11:01:43+00:00","twitter_card":"summary_large_image","twitter_misc":{"Gesch\u00e4tzte Lesezeit":"5\u00a0Minuten"},"schema":{"@context":"https:\/\/schema.org","@graph":[{"@type":"WebPage","@id":"https:\/\/no-ai.info\/de\/fragen-und-antworten\/","url":"https:\/\/no-ai.info\/de\/fragen-und-antworten\/","name":"Fragen und Antworten - NOAI","isPartOf":{"@id":"https:\/\/no-ai.info\/de\/#website"},"datePublished":"2024-09-03T13:42:34+00:00","dateModified":"2024-10-08T11:01:43+00:00","inLanguage":"de","potentialAction":[{"@type":"ReadAction","target":["https:\/\/no-ai.info\/de\/fragen-und-antworten\/"]}]},{"@type":"WebSite","@id":"https:\/\/no-ai.info\/de\/#website","url":"https:\/\/no-ai.info\/de\/","name":"NOAI","description":"art and creativity mad by heart and soul","potentialAction":[{"@type":"SearchAction","target":{"@type":"EntryPoint","urlTemplate":"https:\/\/no-ai.info\/de\/?s={search_term_string}"},"query-input":{"@type":"PropertyValueSpecification","valueRequired":true,"valueName":"search_term_string"}}],"inLanguage":"de"}]}},"_links":{"self":[{"href":"https:\/\/no-ai.info\/de\/wp-json\/wp\/v2\/pages\/2623","targetHints":{"allow":["GET"]}}],"collection":[{"href":"https:\/\/no-ai.info\/de\/wp-json\/wp\/v2\/pages"}],"about":[{"href":"https:\/\/no-ai.info\/de\/wp-json\/wp\/v2\/types\/page"}],"author":[{"embeddable":true,"href":"https:\/\/no-ai.info\/de\/wp-json\/wp\/v2\/users\/1"}],"replies":[{"embeddable":true,"href":"https:\/\/no-ai.info\/de\/wp-json\/wp\/v2\/comments?post=2623"}],"version-history":[{"count":7,"href":"https:\/\/no-ai.info\/de\/wp-json\/wp\/v2\/pages\/2623\/revisions"}],"predecessor-version":[{"id":2729,"href":"https:\/\/no-ai.info\/de\/wp-json\/wp\/v2\/pages\/2623\/revisions\/2729"}],"wp:attachment":[{"href":"https:\/\/no-ai.info\/de\/wp-json\/wp\/v2\/media?parent=2623"}],"curies":[{"name":"wp","href":"https:\/\/api.w.org\/{rel}","templated":true}]}}